{"id":153,"date":"2020-11-03T13:42:39","date_gmt":"2020-11-03T13:42:39","guid":{"rendered":"https:\/\/iconiq.es\/?page_id=153"},"modified":"2026-01-21T13:44:27","modified_gmt":"2026-01-21T13:44:27","slug":"politica-de-cookies","status":"publish","type":"page","link":"https:\/\/blasson.es\/en\/cookie-policy\/","title":{"rendered":"Cookie Policy"},"content":{"rendered":"<h3 class=\"p1\">\u00bfQu\u00e9 son las cookies?<\/h3>\n<p class=\"p1\">Las cookies son una herramienta que utilizamos (nosotros y toda persona\/empresa que opere en Internet) con fines publicitarios. Pero esa solo es una de las razones para utilizar cookies, unos elementos que, por lo general, son bastante inteligentes.<\/p>\n<p class=\"p1\">Las cookies ayudan a que BLASSON.ES funcione mejor, adem\u00e1s de resultar muy \u00fatiles para facilitar, desde un segundo plano, la experiencia de ser cliente de Blasson.<\/p>\n<p class=\"p1\">Hay cookies que recopilan informaci\u00f3n sobre el uso que hacen de BLASSON.ES las personas que visitan la web, como, por ejemplo, qu\u00e9 p\u00e1ginas reciben m\u00e1s visitas o si estas generan mensajes de error. Estas cookies no recopilan informaci\u00f3n que permita identificar a los visitantes. Toda la informaci\u00f3n recopilada por estas cookies se agrega y utiliza para mejorar el funcionamiento de fullcircle.es.<\/p>\n<p class=\"p1\">Tambi\u00e9n hay cookies que permiten a BLASSON.ES recordar tu selecci\u00f3n de opciones (idioma o la regi\u00f3n en la que te encuentras) y personalizar las funciones que te ofrece.<\/p>\n<p class=\"p2\">La informaci\u00f3n que BLASSON.ES\u00a0recaba de cookies es de dos tipos:<\/p>\n<ul class=\"ul1\">\n<li class=\"li1\">Cookies estrictamente necesarias para prestar un servicio o contenido solicitado por el usuario registrado. \u00c9stas tienen como finalidad recordar identificaciones de registros; preferencias de herramientas en la utilizaci\u00f3n de contenidos; interactuaci\u00f3n con los contenidos; localizaci\u00f3n de acceso a los contenidos.<\/li>\n<li class=\"li1\">Cookies de publicidad comportamental, publicidad de terceros; informaci\u00f3n de resultados; h\u00e1bitos de navegaci\u00f3n; mejora de rendimientos. Este tipo de cookies se caracterizan por obtener informaci\u00f3n con las siguientes finalidades: gestionar los espacios publicitarios; conocer los h\u00e1bitos de navegaci\u00f3n -publicidad comportamental-; analizar y medir resultados.<\/li>\n<\/ul>\n<p>Las cookies arriba mencionadas tambi\u00e9n pueden clasificarse en funci\u00f3n de su duraci\u00f3n:<\/p>\n<ul>\n<li>Cookies de sesi\u00f3n: aquellas dise\u00f1adas para recabar y almacenar datos mientras el usuario accede a la p\u00e1gina web.<\/li>\n<li>Cookies permanentes: aqu\u00e9llas en las que los datos siguen almacenados en el terminal y pueden ser accedidos y tratados durante un periodo definido por el responsable de la cookie, y que puede ir de unos minutos a varios a\u00f1os.<\/li>\n<\/ul>\n<h3 class=\"p1\">Cookies propias<\/h3>\n<p class=\"p1\">Te informamos que esta p\u00e1gina web recaba cookies propias necesarias.<\/p>\n<table cellspacing=\"0\" cellpadding=\"0\">\n<tbody>\n<tr>\n<td valign=\"top\">Nombre de la cookie<\/td>\n<td valign=\"top\">Titular<\/td>\n<td valign=\"top\">Finalidad<\/td>\n<td valign=\"top\">Temporalidad<\/td>\n<td valign=\"top\">Pol\u00edtica Privacidad<\/td>\n<td valign=\"top\">Categor\u00eda<\/td>\n<\/tr>\n<tr>\n<td valign=\"top\">cookiesDirective<\/td>\n<td valign=\"top\">BLASSON IBERIA SL<\/td>\n<td valign=\"top\">Verificar que el usuario ha aceptado la pol\u00edtica de cookies<\/td>\n<td valign=\"top\">Sesi\u00f3n<\/td>\n<td valign=\"top\"><a href=\"https:\/\/blasson.es\/politica-de-privacidad\/\">blasson.es\/politica-de-privacidad<\/a><\/td>\n<td valign=\"top\">NECESARIA<\/td>\n<\/tr>\n<\/tbody>\n<\/table>\n<h3 class=\"p1\">Cookies de terceros<\/h3>\n<p class=\"p1\">A continuaci\u00f3n incluimos un listado de las cookies que recabamos de terceros y cuya finalidad es a nivel estrat\u00e9gico y de experiencia de usuario, no siendo ninguna de ellas funcional y por tanto no necesarias para la correcta navegaci\u00f3n o funcionalidad de la p\u00e1gina web.<\/p>\n<table cellspacing=\"0\" cellpadding=\"0\">\n<tbody>\n<tr>\n<td valign=\"top\">Nombre de la cookie<\/td>\n<td valign=\"top\">Titular<\/td>\n<td valign=\"top\">Finalidad<\/td>\n<td valign=\"top\">Temporalidad<\/td>\n<td valign=\"top\">Pol\u00edtica Privacidad<\/td>\n<td valign=\"top\">Categor\u00eda<\/td>\n<\/tr>\n<tr>\n<td valign=\"top\">_ga<\/td>\n<td valign=\"top\">GOOGLE ANALYTICS<\/td>\n<td valign=\"top\">Verificaci\u00f3n de visita<\/td>\n<td valign=\"top\">Sesi\u00f3n<\/td>\n<td valign=\"top\"><a href=\"http:\/\/www.google-analytics.com\">www.google-analytics.com<\/a><\/td>\n<td valign=\"top\">MARKETING<\/td>\n<\/tr>\n<tr>\n<td valign=\"top\">_ga_PVVF71YRX4<\/td>\n<td valign=\"top\">GOOGLE ANALYTICS<\/td>\n<td valign=\"top\">Verificaci\u00f3n de visita<\/td>\n<td valign=\"top\">Sesi\u00f3n<\/td>\n<td valign=\"top\"><a href=\"http:\/\/www.google-analytics.com\">www.google-analytics.com<\/a><\/td>\n<td valign=\"top\">MARKETING<\/td>\n<\/tr>\n<\/tbody>\n<\/table>\n<p class=\"p1\">Al navegar por fullcircle.es, es posible que tu dispositivo o navegador reciba cookies de terceros, por ejemplo, al acceder a contenido insertado o enlaces a redes sociales. Vale la pena recordar que nosotros no tenemos acceso a, ni controlamos, las cookies utilizadas por estas empresas ni por las p\u00e1ginas web de terceros. Te recomendamos que visites las correspondientes p\u00e1ginas web de terceros para obtener m\u00e1s informaci\u00f3n sobre las cookies y la forma de administrarlas.<\/p>\n<h3 class=\"p1\"><b>Desactivar las cookies<\/b><\/h3>\n<p class=\"p1\">Puedes configurar tu navegador de forma que rechace las cookies no necesarias, o bien para que te avise cuando las p\u00e1ginas web instalen o accedan a las cookies. Ten en cuenta que, si optas por deshabilitar o rechazar las cookies, determinadas secciones de este sitio web podr\u00edan no funcionar correctamente o ser inaccesibles para ti.<\/p>\n<p class=\"p1\">En caso de que no consintieras el tratamiento de dicha informaci\u00f3n puedes modificar la configuraci\u00f3n de tu navegador web. A continuaci\u00f3n te detallamos una lista con enlaces para cada tipo de navegador.<\/p>\n<ul class=\"ul1\">\n<li class=\"li1\"><span class=\"s1\"><a href=\"http:\/\/support.google.com\/chrome\/bin\/answer.py?hl=es&amp;answer=95647\"><span class=\"s3\">Configurar cookies en Google Chrome<\/span><\/a><\/span><\/li>\n<li class=\"li1\"><span class=\"s1\"><a href=\"https:\/\/privacy.microsoft.com\/es-ES\/windows-10-microsoft-edge-and-privacy\"><span class=\"s3\">Configurar cookies en Microsoft Edge<\/span><\/a><\/span><\/li>\n<li class=\"li1\"><span class=\"s1\"><a href=\"https:\/\/support.microsoft.com\/es-es\/help\/17442\/windows-internet-explorer-delete-manage-cookies#ie=ie-11\"><span class=\"s3\">Configurar cookies en Microsoft Internet Explorer<\/span><\/a><\/span><\/li>\n<li class=\"li1\"><span class=\"s1\"><a href=\"http:\/\/support.mozilla.org\/es\/kb\/habilitar-y-deshabilitar-cookies-que-los-sitios-we\"><span class=\"s3\">Configurar cookies en Mozilla Firefox<\/span><\/a><\/span><\/li>\n<li class=\"li1\"><span class=\"s1\"><a href=\"http:\/\/www.apple.com\/es\/privacy\/use-of-cookies\/\"><span class=\"s3\">Configurar cookies en Safari (Apple)<\/span><\/a><\/span><\/li>\n<li class=\"li1\"><span class=\"s1\"><a href=\"http:\/\/help.opera.com\/Windows\/10.60\/es-ES\/cookies.html\"><span class=\"s3\">Configurar cookies en Opera<\/span><\/a><\/span><\/li>\n<\/ul>\n<p class=\"p1\">En relaci\u00f3n a los dispositivos m\u00f3viles, aqu\u00ed te dejamos m\u00e1s informaci\u00f3n.<\/p>\n<ul class=\"ul1\">\n<li class=\"li1\"><b>Para Android:<\/b>\u00a0Men\u00fa &gt; M\u00e1s &gt; Ajustes &gt; Ajustes de privacidad.<\/li>\n<li class=\"li1\"><b>Para Safari iOS:<\/b>\u00a0<a href=\"https:\/\/support.apple.com\/es-es\/HT201265\"><span class=\"s2\">Configurar cookies en Safari (iOS)<\/span><\/a><\/li>\n<li class=\"li1\"><b>Para Blackberry:<\/b>\u00a0Home &gt; Browser &gt; Options &gt; Privacy &amp; Security: clear the Accept Cookies &gt; Save<\/li>\n<li class=\"li1\"><b>Para Windows Phone:<\/b>\u00a0<a href=\"https:\/\/support.microsoft.com\/es-es\/help\/10635\/windows-phone-change-privacy-and-other-browser-settings\"><span class=\"s2\">Configurar Windows Phone<\/span><\/a><\/li>\n<\/ul>\n<p class=\"p1\">Para cualquier duda, aclaraci\u00f3n y\/o sugerencia al respecto de las cookies, puedes ponerte en contacto con nosotros a trav\u00e9s de nuestro correo electr\u00f3nico: info@blasson.es<\/p>\n<p class=\"p1\">La informaci\u00f3n proporcionada puede sufrir modificaciones debidas a actualizaciones o cambios en la pol\u00edtica de tratamiento de cookies.<\/p>\n<ul class=\"ul1\">\n<li class=\"li1\">+ 34 910 606 073<\/li>\n<li class=\"li1\">info@blasson.es<\/li>\n<li class=\"li1\">Raz\u00f3n Social: <b>Blasson Iberia S.L<\/b>.<\/li>\n<li class=\"li1\">CIF: <b>B01980556<\/b><\/li>\n<li class=\"li1\">Domicilio Social: Calle Castell\u00f3, 128, 28006 Madrid<\/li>\n<\/ul>\n<h3>CAMBIOS EN LA POL\u00cdTICA DE COOKIES<\/h3>\n<p>Blasson Iberia, S.L.\u00a0 se reserva el derecho a modificar la presente Pol\u00edtica de Cookies en funci\u00f3n de\u00a0 la legislaci\u00f3n vigente en cada momento, cuando hubiera alguna variaci\u00f3n en el tipo de cookies utilizadas en el sitio web o con la finalidad de adaptar dicha pol\u00edtica a las instrucciones dictadas por la AEPD u organismo competente. Por ello, le recomendamos revisar esta pol\u00edtica cada vez que acceda a nuestro sitio web con el objetivo de estar adecuadamente informado sobre c\u00f3mo y para qu\u00e9 usamos las cookies.<\/p>\n<h3>POL\u00cdTICA DE PRIVACIDAD<\/h3>\n<p>Para consultar el resto de la informaci\u00f3n sobre el tratamiento de sus datos personales, as\u00ed como sus derechos y la forma de ejercitarlos, los usuarios pueden acudir a la Pol\u00edtica de Privacidad.<\/p>\n","protected":false},"excerpt":{"rendered":"\u00bfQu\u00e9 son las cookies? Las cookies son una herramienta que utilizamos (nosotros y toda persona\/empresa que opere en Internet) con fines publicitarios. Pero esa solo es una de las razones para utilizar cookies, unos elementos que, por lo general, son bastante inteligentes. Las cookies ayudan a que BLASSON.ES funcione mejor, adem\u00e1s de resultar muy \u00fatiles&#8230;","protected":false},"author":1,"featured_media":0,"parent":0,"menu_order":20,"comment_status":"closed","ping_status":"closed","template":"","meta":{"inline_featured_image":false},"acf":[],"yoast_head":"<!-- This site is optimized with the Yoast SEO plugin v19.13 - https:\/\/yoast.com\/wordpress\/plugins\/seo\/ -->\n<title>Cookie Policy - Blasson<\/title>\n<meta name=\"robots\" content=\"index, follow, max-snippet:-1, max-image-preview:large, max-video-preview:-1\" \/>\n<link rel=\"canonical\" href=\"https:\/\/blasson.es\/en\/politica-de-cookies\/\" \/>\n<meta property=\"og:locale\" content=\"en_US\" \/>\n<meta property=\"og:type\" content=\"article\" \/>\n<meta property=\"og:title\" content=\"Cookie Policy - Blasson\" \/>\n<meta property=\"og:description\" content=\"\u00bfQu\u00e9 son las cookies? Las cookies son una herramienta que utilizamos (nosotros y toda persona\/empresa que opere en Internet) con fines publicitarios. Pero esa solo es una de las razones para utilizar cookies, unos elementos que, por lo general, son bastante inteligentes. Las cookies ayudan a que BLASSON.ES funcione mejor, adem\u00e1s de resultar muy \u00fatiles...\" \/>\n<meta property=\"og:url\" content=\"https:\/\/blasson.es\/en\/politica-de-cookies\/\" \/>\n<meta property=\"og:site_name\" content=\"Blasson\" \/>\n<meta property=\"article:modified_time\" content=\"2026-01-21T13:44:27+00:00\" \/>\n<meta name=\"twitter:card\" content=\"summary_large_image\" \/>\n<script type=\"application\/ld+json\" class=\"yoast-schema-graph\">{\"@context\":\"https:\/\/schema.org\",\"@graph\":[{\"@type\":\"WebPage\",\"@id\":\"https:\/\/blasson.es\/en\/politica-de-cookies\/\",\"url\":\"https:\/\/blasson.es\/en\/politica-de-cookies\/\",\"name\":\"Cookie Policy - Blasson\",\"isPartOf\":{\"@id\":\"https:\/\/blssn.wtpnt.es\/#website\"},\"datePublished\":\"2020-11-03T13:42:39+00:00\",\"dateModified\":\"2026-01-21T13:44:27+00:00\",\"breadcrumb\":{\"@id\":\"https:\/\/blasson.es\/en\/politica-de-cookies\/#breadcrumb\"},\"inLanguage\":\"en-US\",\"potentialAction\":[{\"@type\":\"ReadAction\",\"target\":[[\"https:\/\/blasson.es\/en\/politica-de-cookies\/\"]]}]},{\"@type\":\"BreadcrumbList\",\"@id\":\"https:\/\/blasson.es\/en\/politica-de-cookies\/#breadcrumb\",\"itemListElement\":[{\"@type\":\"ListItem\",\"position\":1,\"name\":\"Portada\",\"item\":\"https:\/\/blssn.wtpnt.es\/\"},{\"@type\":\"ListItem\",\"position\":2,\"name\":\"Pol\u00edtica de cookies\"}]},{\"@type\":\"WebSite\",\"@id\":\"https:\/\/blssn.wtpnt.es\/#website\",\"url\":\"https:\/\/blssn.wtpnt.es\/\",\"name\":\"Blasson\",\"description\":\"Property investments\",\"potentialAction\":[{\"@type\":\"SearchAction\",\"target\":{\"@type\":\"EntryPoint\",\"urlTemplate\":\"https:\/\/blssn.wtpnt.es\/?s={search_term_string}\"},\"query-input\":\"required name=search_term_string\"}],\"inLanguage\":\"en-US\"}]}<\/script>\n<!-- \/ Yoast SEO plugin. -->","yoast_head_json":{"title":"Cookie Policy - Blasson","robots":{"index":"index","follow":"follow","max-snippet":"max-snippet:-1","max-image-preview":"max-image-preview:large","max-video-preview":"max-video-preview:-1"},"canonical":"https:\/\/blasson.es\/en\/politica-de-cookies\/","og_locale":"en_US","og_type":"article","og_title":"Cookie Policy - Blasson","og_description":"\u00bfQu\u00e9 son las cookies? Las cookies son una herramienta que utilizamos (nosotros y toda persona\/empresa que opere en Internet) con fines publicitarios. Pero esa solo es una de las razones para utilizar cookies, unos elementos que, por lo general, son bastante inteligentes. Las cookies ayudan a que BLASSON.ES funcione mejor, adem\u00e1s de resultar muy \u00fatiles...","og_url":"https:\/\/blasson.es\/en\/politica-de-cookies\/","og_site_name":"Blasson","article_modified_time":"2026-01-21T13:44:27+00:00","twitter_card":"summary_large_image","schema":{"@context":"https:\/\/schema.org","@graph":[{"@type":"WebPage","@id":"https:\/\/blasson.es\/en\/politica-de-cookies\/","url":"https:\/\/blasson.es\/en\/politica-de-cookies\/","name":"Cookie Policy - Blasson","isPartOf":{"@id":"https:\/\/blssn.wtpnt.es\/#website"},"datePublished":"2020-11-03T13:42:39+00:00","dateModified":"2026-01-21T13:44:27+00:00","breadcrumb":{"@id":"https:\/\/blasson.es\/en\/politica-de-cookies\/#breadcrumb"},"inLanguage":"en-US","potentialAction":[{"@type":"ReadAction","target":[["https:\/\/blasson.es\/en\/politica-de-cookies\/"]]}]},{"@type":"BreadcrumbList","@id":"https:\/\/blasson.es\/en\/politica-de-cookies\/#breadcrumb","itemListElement":[{"@type":"ListItem","position":1,"name":"Portada","item":"https:\/\/blssn.wtpnt.es\/"},{"@type":"ListItem","position":2,"name":"Pol\u00edtica de cookies"}]},{"@type":"WebSite","@id":"https:\/\/blssn.wtpnt.es\/#website","url":"https:\/\/blssn.wtpnt.es\/","name":"Blasson","description":"Property investments","potentialAction":[{"@type":"SearchAction","target":{"@type":"EntryPoint","urlTemplate":"https:\/\/blssn.wtpnt.es\/?s={search_term_string}"},"query-input":"required name=search_term_string"}],"inLanguage":"en-US"}]}},"_links":{"self":[{"href":"https:\/\/blasson.es\/en\/wp-json\/wp\/v2\/pages\/153"}],"collection":[{"href":"https:\/\/blasson.es\/en\/wp-json\/wp\/v2\/pages"}],"about":[{"href":"https:\/\/blasson.es\/en\/wp-json\/wp\/v2\/types\/page"}],"author":[{"embeddable":true,"href":"https:\/\/blasson.es\/en\/wp-json\/wp\/v2\/users\/1"}],"replies":[{"embeddable":true,"href":"https:\/\/blasson.es\/en\/wp-json\/wp\/v2\/comments?post=153"}],"version-history":[{"count":8,"href":"https:\/\/blasson.es\/en\/wp-json\/wp\/v2\/pages\/153\/revisions"}],"predecessor-version":[{"id":832,"href":"https:\/\/blasson.es\/en\/wp-json\/wp\/v2\/pages\/153\/revisions\/832"}],"wp:attachment":[{"href":"https:\/\/blasson.es\/en\/wp-json\/wp\/v2\/media?parent=153"}],"curies":[{"name":"wp","href":"https:\/\/api.w.org\/{rel}","templated":true}]}}