{"id":148,"date":"2020-11-03T13:41:07","date_gmt":"2020-11-03T13:41:07","guid":{"rendered":"https:\/\/iconiq.es\/?page_id=148"},"modified":"2026-01-21T13:13:13","modified_gmt":"2026-01-21T13:13:13","slug":"aviso-legal","status":"publish","type":"page","link":"https:\/\/blasson.es\/en\/terms-of-use\/","title":{"rendered":"Terms of Use"},"content":{"rendered":"<h3 class=\"p1\">Uso y acceso<\/h3>\n<p class=\"p1\">El uso y acceso a los contenidos que alberga la presente P\u00e1gina Web (en adelante, el &#8220;<strong>Espacio Web<\/strong>&#8220;) implica el conocimiento y aceptaci\u00f3n incondicional de las presentes condiciones que tienen como objetivo informar a los usuarios de los derechos, usos, prohibiciones, responsabilidades, y dem\u00e1s circunstancias, que rigen a la hora de navegar por la P\u00e1gina Web titularidad de <b>Blasson Iberia SL <\/b>(en adelante, las &#8220;Condiciones Generales de Uso del Espacio Web&#8221;).<\/p>\n<h3 class=\"p1\">Objeto<\/h3>\n<p class=\"p1\">Las presentes condiciones regulan el acceso, navegaci\u00f3n y uso del Espacio Web de blasson.es del mismo modo, se regulan las responsabilidades derivadas de la utilizaci\u00f3n de sus contenidos -textos, gr\u00e1ficos, dibujos, dise\u00f1os, fotograf\u00edas, software, c\u00f3digos, v\u00eddeos, m\u00fasica, bases de datos, im\u00e1genes, informaciones as\u00ed como cualquier otra creaci\u00f3n protegida por las leyes nacionales y tratados internacionales sobre propiedad intelectual e industrial.<\/p>\n<p class=\"p1\">Las condiciones que rigen los diferentes servicios disponibles en el Espacio Web est\u00e1n sujetas a la siguiente normativa, en la parte que le sea de aplicaci\u00f3n: Ley 34\/2002, de 11 de julio, de Servicios de la Sociedad de la Informaci\u00f3n y Comercio Electr\u00f3nico y normativa de desarrollo; as\u00ed como el Reglamento Europeo de Protecci\u00f3n de Datos 2016\/679 y normativa espa\u00f1ola aplicable en materia de protecci\u00f3n de datos, as\u00ed como toda aquella normativa que sea de aplicaci\u00f3n an\u00e1loga.<\/p>\n<p>El acceso y\/o uso y\/o participaci\u00f3n en el Portal atribuye a quien lo realiza la condici\u00f3n de \u201c<span style=\"font-weight: normal !msorm;\"><strong>Usuario<\/strong><\/span><span style=\"font-weight: normal !msorm;\"><strong>\/s<\/strong><\/span>\u201d, y expresa la aceptaci\u00f3n plena y sin reservas por parte del Usuario de todas y cada una de las condiciones aqu\u00ed reflejadas.<\/p>\n<h3 class=\"p1\">Titularidad<\/h3>\n<p class=\"p1\">En cumplimiento con el art\u00edculo 10 de la Ley 34\/2002 de Servicios de la Sociedad de la Informaci\u00f3n y Comercio Electr\u00f3nico \u2013<b> Blasson Iberia SL<\/b>. (en adelante, &#8220;Blasson Iberia&#8221;) con CIF B01980556, domicilio Social: Calle Castell\u00f3, 128, 1\u00ba Derecha Madrid 28006, es la titular del dominio blasson.es, facilit\u00e1ndole los siguientes medios de comunicaci\u00f3n y\/o contacto:<\/p>\n<p class=\"p1\"><b>BLASSON: <\/b>Calle Castell\u00f3, 128, 1\u00ba Derecha Madrid 28006; Tel\u00e9fono: 34 910 606 073; Correo electr\u00f3nico: <a href=\"mailto:info@blasson.es\"><span class=\"s1\">info@blasson.es<\/span><\/a><\/p>\n<h3 class=\"p2\">Propiedad Industrial E Intelectual<\/h3>\n<p class=\"p1\">El Usuario reconoce y acepta que todos los contenidos que se muestran en el Espacio Web y en especial, dise\u00f1os, textos, im\u00e1genes, logos, iconos, botones, software, nombres comerciales, marcas, o cualesquiera otros signos susceptibles de utilizaci\u00f3n industrial y\/o comercial est\u00e1n sujetos a derechos de Propiedad Intelectual y todas las marcas, nombres comerciales o signos distintivos, todos los derechos de propiedad industrial e intelectual, sobre los contenidos y\/o cualesquiera otros elementos insertados en el p\u00e1gina, que son propiedad exclusiva de blasson.es, quien tiene el derecho exclusivo de utilizarlos en el tr\u00e1fico econ\u00f3mico. Por todo ello el Usuario se compromete a no reproducir, copiar, distribuir, poner a disposici\u00f3n o de cualquier otra forma comunicar p\u00fablicamente, transformar o modificar tales contenidos manteniendo indemne a la empresa de cualquier reclamaci\u00f3n que se derive del incumplimiento de tales obligaciones. En ning\u00fan caso el acceso al Espacio Web implica ning\u00fan tipo de renuncia, transmisi\u00f3n, licencia o cesi\u00f3n total ni parcial de dichos derechos, salvo que se establezca expresamente lo contrario. Las presentes Condiciones Generales de Uso del Espacio Web no confieren a los Usuarios ning\u00fan otro derecho de utilizaci\u00f3n, alteraci\u00f3n, explotaci\u00f3n, reproducci\u00f3n, distribuci\u00f3n o comunicaci\u00f3n p\u00fablica del Espacio Web y\/o de sus Contenidos distintos de los aqu\u00ed expresamente previstos. Cualquier otro uso o explotaci\u00f3n de cualesquiera derechos estar\u00e1 sujeto a la previa y expresa autorizaci\u00f3n espec\u00edficamente otorgada a tal efecto por la empresa o el tercero titular de los derechos afectados.<\/p>\n<p class=\"p1\">Los contenidos est\u00e1n protegidos como derechos de autor por la legislaci\u00f3n en materia de propiedad intelectual. La empresa es titular de los elementos que integran el dise\u00f1o gr\u00e1fico del Espacio Web, lo men\u00fas, botones de navegaci\u00f3n, el c\u00f3digo HTML, los textos, im\u00e1genes, texturas, gr\u00e1ficos y cualquier otro contenido del Espacio Web o, en cualquier caso, dispone de la correspondiente autorizaci\u00f3n para la utilizaci\u00f3n de dichos elementos. El contenido dispuesto en el Espacio Web no podr\u00e1 ser reproducido ni en todo ni en parte, ni transmitido, ni registrado por ning\u00fan sistema de recuperaci\u00f3n de informaci\u00f3n, en ninguna forma ni en ning\u00fan medio, a menos que se cuente con la autorizaci\u00f3n previa, por escrito, de la citada Entidad.<\/p>\n<p class=\"p1\">Asimismo queda prohibido suprimir, eludir y\/o manipular el \u00abcopyright\u00bb as\u00ed como los dispositivos t\u00e9cnicos de protecci\u00f3n, o cualesquiera mecanismos de informaci\u00f3n que pudieren contener los contenidos. El Usuario de este Espacio Web se compromete a respetar los derechos enunciados y a evitar cualquier actuaci\u00f3n que pudiera perjudicarlos, reserv\u00e1ndose en todo caso la empresa el ejercicio de cuantos medios o acciones legales le correspondan en defensa de sus leg\u00edtimos derechos de propiedad intelectual e industrial.<\/p>\n<h3 class=\"p2\">Obligaciones Y Responsabilidades Del Usuario Del Espacio Web<\/h3>\n<p class=\"p1\">El Usuario se compromete a hacer un uso adecuado y l\u00edcito del Espacio Web as\u00ed como de los contenidos y servicios, de conformidad con: (i) la legislaci\u00f3n aplicable en cada momento; (ii) las Condiciones Generales de Uso del Espacio Web; (iii) la moral y buenas costumbres generalmente aceptadas y (iv) el orden p\u00fablico.<\/p>\n<p class=\"p1\">Adem\u00e1s, el Usuario deber\u00e1 asimismo abstenerse de hacer un uso no autorizado o fraudulento del Espacio Web y\/o de los contenidos con fines o efectos il\u00edcitos, prohibidos en las presentes Condiciones Generales de Uso, lesivos de los derechos e intereses de terceros, o que de cualquier forma puedan da\u00f1ar, inutilizar, sobrecargar, deteriorar o impedir la normal utilizaci\u00f3n de los servicios o los documentos, archivos y toda clase de contenidos almacenados en cualquier equipo inform\u00e1tico.<\/p>\n<p class=\"p1\">Acceder o intentar acceder a recursos o \u00e1reas restringidas del Espacio Web, sin cumplir las condiciones exigidas para dicho acceso.<\/p>\n<p class=\"p1\">Provocar da\u00f1os en los sistemas f\u00edsicos o l\u00f3gicos del Espacio Web, de sus proveedores o de terceros.<\/p>\n<p class=\"p1\">Introducir o difundir en la red virus inform\u00e1ticos o cualesquiera otros sistemas f\u00edsicos o l\u00f3gicos que sean susceptibles de provocar da\u00f1os en los sistemas f\u00edsicos o l\u00f3gicos de la empresa, proveedores o de terceros.<\/p>\n<p class=\"p1\">Intentar acceder, utilizar y\/o manipular los datos de la empresa, terceros proveedores y otros Usuarios.<\/p>\n<p class=\"p1\">Reproducir o copiar, distribuir, permitir el acceso del p\u00fablico a trav\u00e9s de cualquier modalidad de comunicaci\u00f3n p\u00fablica, transformar o modificar los contenidos, a menos que se cuente con la autorizaci\u00f3n del titular de los correspondientes derechos o ello resulte legalmente permitido.<\/p>\n<p class=\"p1\">Si de manera negligente o dolosa se incumpliera cualquiera de las obligaciones establecidas en las presentes Condiciones Generales de Uso, el responsable responder\u00e1 por todos los da\u00f1os y perjuicios que de dicho incumplimiento pudieran derivarse para la empresa.<\/p>\n<h3>Exenci\u00f3n de garant\u00edas y responsabilidades<\/h3>\n<p>Blasson Iberia no se hace responsable, en ning\u00fan caso, de los da\u00f1os y perjuicios de cualquier naturaleza que pudieran ocasionar, a t\u00edtulo enunciativo: errores u omisiones en los contenidos; y\/o falta de disponibilidad del Espacio Web; y\/o transmisi\u00f3n de virus o programas maliciosos o lesivos en los contenidos, a pesar de haber adoptado todas las medidas tecnol\u00f3gicas necesarias para evitarlo.<\/p>\n<p>Blasson Iberia no garantiza ni se hace responsable, en ning\u00fan caso ni circunstancia, de los siguientes hechos y contenidos:<\/p>\n<p>Las informaciones propias que aparecen en el Espacio Web se proporcionan \u201ccomo est\u00e1n\u201d, sin garant\u00edas de ning\u00fan tipo en cuanto a su exactitud y actualizaci\u00f3n. En consecuencia, Blasson Iberia no se hace responsable de los posibles perjuicios que la utilizaci\u00f3n de las mismas pudiera causar.<\/p>\n<p>Blasson Iberia no garantiza privacidad absoluta en la utilizaci\u00f3n del Portal, ya que no debe descartarse la posibilidad de que terceros no autorizados puedan tener conocimiento de la misma y de las circunstancias en que se realiza.<\/p>\n<p>Blasson Iberia queda liberada de cualquier responsabilidad derivada del mal funcionamiento del Espacio Web o de cualquiera de sus servicios que tenga su origen en una circunstancia accidental, fuerza mayor, trabajos necesarios de mantenimiento y\/o cualquier otra causa no imputable a la misma.<\/p>\n<p>La enumeraci\u00f3n anterior tiene un mero car\u00e1cter enunciativo y no es, en ning\u00fan caso, exclusiva ni excluyente en ninguno de sus puntos.<\/p>\n<p>La presente cl\u00e1usula de exenci\u00f3n de garant\u00edas y responsabilidades no tiene como fin contravenir los requisitos establecidos por la legislaci\u00f3n en esta materia, ni excluir la responsabilidad respecto de cuestiones de las que no pueda eximirse con arreglo a la legislaci\u00f3n aplicable en cada momento.<\/p>\n<h3>Modificaciones del espacio<\/h3>\n<p>Blasson Iberia se reserva el derecho de efectuar, sin previo aviso, las modificaciones que considere oportunas en su Espacio Web.<\/p>\n<h3>Derecho de exclusi\u00f3n y persecuci\u00f3n<\/h3>\n<p>Blasson Iberia se reserva el derecho a denegar o retirar el acceso al Espacio Web b y\/o a los servicios ofrecidos sin necesidad de preaviso, a instancia propia o de un tercero, a aquellos usuarios que incumplan las Condiciones Generales de Uso del Espacio Web.<\/p>\n<p>Blasson Iberia perseguir\u00e1 el incumplimiento de las presentes Condiciones Generales de Uso del Espacio Web as\u00ed como cualquier utilizaci\u00f3n indebida del Portal y\/o de sus contenidos, ejerciendo todas las acciones administrativas, civiles y\/o penales que le puedan corresponder en derecho.<\/p>\n<h3>Legislaci\u00f3n aplicable y jurisdicci\u00f3n<\/h3>\n<p>Las presentes Condiciones Generales de Uso del Espacio Web se regir\u00e1n por lo dispuesto en la legislaci\u00f3n espa\u00f1ola.<\/p>\n<p>En el caso de que se produzca cualquier discrepancia o controversia con motivo de la interpretaci\u00f3n o la aplicaci\u00f3n de las presentes condiciones o del contenido del Espacio Web, en general, Blasson Iberia y el Usuario, con renuncia expresa a cualquier otro fuero que pudiera corresponderles, se someten a la jurisdicci\u00f3n de los Juzgados y Tribunales de la villa de Madrid.<\/p>\n<h3>Generalidades<\/h3>\n<p>En el caso de que cualquier disposici\u00f3n o disposiciones de estas Condiciones Generales de Uso del Espacio Web fuera(n) considerada(s) nula(s) o inaplicable(s), en su totalidad o en parte, por cualquier Juzgado, Tribunal u \u00f3rgano administrativo competente, dicha nulidad o inaplicaci\u00f3n no afectar\u00e1 a las otras disposiciones.<\/p>\n<p>El no ejercicio o ejecuci\u00f3n por parte de Blasson Iberia de cualquier derecho o disposici\u00f3n contenida en estas Condiciones Generales de Uso del Espacio Web no constituir\u00e1 una renuncia al mismo, salvo reconocimiento y acuerdo por escrito por su parte.<\/p>\n","protected":false},"excerpt":{"rendered":"Uso y acceso El uso y acceso a los contenidos que alberga la presente P\u00e1gina Web (en adelante, el &#8220;Espacio Web&#8220;) implica el conocimiento y aceptaci\u00f3n incondicional de las presentes condiciones que tienen como objetivo informar a los usuarios de los derechos, usos, prohibiciones, responsabilidades, y dem\u00e1s circunstancias, que rigen a la hora de navegar&#8230;","protected":false},"author":1,"featured_media":0,"parent":0,"menu_order":20,"comment_status":"closed","ping_status":"closed","template":"","meta":{"inline_featured_image":false},"acf":[],"yoast_head":"<!-- This site is optimized with the Yoast SEO plugin v19.13 - https:\/\/yoast.com\/wordpress\/plugins\/seo\/ -->\n<title>Terms of Use - Blasson<\/title>\n<meta name=\"robots\" content=\"index, follow, max-snippet:-1, max-image-preview:large, max-video-preview:-1\" \/>\n<link rel=\"canonical\" href=\"https:\/\/blasson.es\/en\/aviso-legal\/\" \/>\n<meta property=\"og:locale\" content=\"en_US\" \/>\n<meta property=\"og:type\" content=\"article\" \/>\n<meta property=\"og:title\" content=\"Terms of Use - Blasson\" \/>\n<meta property=\"og:description\" content=\"Uso y acceso El uso y acceso a los contenidos que alberga la presente P\u00e1gina Web (en adelante, el &#8220;Espacio Web&#8220;) implica el conocimiento y aceptaci\u00f3n incondicional de las presentes condiciones que tienen como objetivo informar a los usuarios de los derechos, usos, prohibiciones, responsabilidades, y dem\u00e1s circunstancias, que rigen a la hora de navegar...\" \/>\n<meta property=\"og:url\" content=\"https:\/\/blasson.es\/en\/aviso-legal\/\" \/>\n<meta property=\"og:site_name\" content=\"Blasson\" \/>\n<meta property=\"article:modified_time\" content=\"2026-01-21T13:13:13+00:00\" \/>\n<meta name=\"twitter:card\" content=\"summary_large_image\" \/>\n<meta name=\"twitter:label1\" content=\"Est. reading time\" \/>\n\t<meta name=\"twitter:data1\" content=\"8 minutes\" \/>\n<script type=\"application\/ld+json\" class=\"yoast-schema-graph\">{\"@context\":\"https:\/\/schema.org\",\"@graph\":[{\"@type\":\"WebPage\",\"@id\":\"https:\/\/blasson.es\/en\/aviso-legal\/\",\"url\":\"https:\/\/blasson.es\/en\/aviso-legal\/\",\"name\":\"Terms of Use - Blasson\",\"isPartOf\":{\"@id\":\"https:\/\/blssn.wtpnt.es\/#website\"},\"datePublished\":\"2020-11-03T13:41:07+00:00\",\"dateModified\":\"2026-01-21T13:13:13+00:00\",\"breadcrumb\":{\"@id\":\"https:\/\/blasson.es\/en\/aviso-legal\/#breadcrumb\"},\"inLanguage\":\"en-US\",\"potentialAction\":[{\"@type\":\"ReadAction\",\"target\":[[\"https:\/\/blasson.es\/en\/aviso-legal\/\"]]}]},{\"@type\":\"BreadcrumbList\",\"@id\":\"https:\/\/blasson.es\/en\/aviso-legal\/#breadcrumb\",\"itemListElement\":[{\"@type\":\"ListItem\",\"position\":1,\"name\":\"Portada\",\"item\":\"https:\/\/blssn.wtpnt.es\/\"},{\"@type\":\"ListItem\",\"position\":2,\"name\":\"Aviso legal\"}]},{\"@type\":\"WebSite\",\"@id\":\"https:\/\/blssn.wtpnt.es\/#website\",\"url\":\"https:\/\/blssn.wtpnt.es\/\",\"name\":\"Blasson\",\"description\":\"Property investments\",\"potentialAction\":[{\"@type\":\"SearchAction\",\"target\":{\"@type\":\"EntryPoint\",\"urlTemplate\":\"https:\/\/blssn.wtpnt.es\/?s={search_term_string}\"},\"query-input\":\"required name=search_term_string\"}],\"inLanguage\":\"en-US\"}]}<\/script>\n<!-- \/ Yoast SEO plugin. -->","yoast_head_json":{"title":"Terms of Use - Blasson","robots":{"index":"index","follow":"follow","max-snippet":"max-snippet:-1","max-image-preview":"max-image-preview:large","max-video-preview":"max-video-preview:-1"},"canonical":"https:\/\/blasson.es\/en\/aviso-legal\/","og_locale":"en_US","og_type":"article","og_title":"Terms of Use - Blasson","og_description":"Uso y acceso El uso y acceso a los contenidos que alberga la presente P\u00e1gina Web (en adelante, el &#8220;Espacio Web&#8220;) implica el conocimiento y aceptaci\u00f3n incondicional de las presentes condiciones que tienen como objetivo informar a los usuarios de los derechos, usos, prohibiciones, responsabilidades, y dem\u00e1s circunstancias, que rigen a la hora de navegar...","og_url":"https:\/\/blasson.es\/en\/aviso-legal\/","og_site_name":"Blasson","article_modified_time":"2026-01-21T13:13:13+00:00","twitter_card":"summary_large_image","twitter_misc":{"Est. reading time":"8 minutes"},"schema":{"@context":"https:\/\/schema.org","@graph":[{"@type":"WebPage","@id":"https:\/\/blasson.es\/en\/aviso-legal\/","url":"https:\/\/blasson.es\/en\/aviso-legal\/","name":"Terms of Use - Blasson","isPartOf":{"@id":"https:\/\/blssn.wtpnt.es\/#website"},"datePublished":"2020-11-03T13:41:07+00:00","dateModified":"2026-01-21T13:13:13+00:00","breadcrumb":{"@id":"https:\/\/blasson.es\/en\/aviso-legal\/#breadcrumb"},"inLanguage":"en-US","potentialAction":[{"@type":"ReadAction","target":[["https:\/\/blasson.es\/en\/aviso-legal\/"]]}]},{"@type":"BreadcrumbList","@id":"https:\/\/blasson.es\/en\/aviso-legal\/#breadcrumb","itemListElement":[{"@type":"ListItem","position":1,"name":"Portada","item":"https:\/\/blssn.wtpnt.es\/"},{"@type":"ListItem","position":2,"name":"Aviso legal"}]},{"@type":"WebSite","@id":"https:\/\/blssn.wtpnt.es\/#website","url":"https:\/\/blssn.wtpnt.es\/","name":"Blasson","description":"Property investments","potentialAction":[{"@type":"SearchAction","target":{"@type":"EntryPoint","urlTemplate":"https:\/\/blssn.wtpnt.es\/?s={search_term_string}"},"query-input":"required name=search_term_string"}],"inLanguage":"en-US"}]}},"_links":{"self":[{"href":"https:\/\/blasson.es\/en\/wp-json\/wp\/v2\/pages\/148"}],"collection":[{"href":"https:\/\/blasson.es\/en\/wp-json\/wp\/v2\/pages"}],"about":[{"href":"https:\/\/blasson.es\/en\/wp-json\/wp\/v2\/types\/page"}],"author":[{"embeddable":true,"href":"https:\/\/blasson.es\/en\/wp-json\/wp\/v2\/users\/1"}],"replies":[{"embeddable":true,"href":"https:\/\/blasson.es\/en\/wp-json\/wp\/v2\/comments?post=148"}],"version-history":[{"count":17,"href":"https:\/\/blasson.es\/en\/wp-json\/wp\/v2\/pages\/148\/revisions"}],"predecessor-version":[{"id":830,"href":"https:\/\/blasson.es\/en\/wp-json\/wp\/v2\/pages\/148\/revisions\/830"}],"wp:attachment":[{"href":"https:\/\/blasson.es\/en\/wp-json\/wp\/v2\/media?parent=148"}],"curies":[{"name":"wp","href":"https:\/\/api.w.org\/{rel}","templated":true}]}}